{"id":2,"date":"2018-10-29T15:38:52","date_gmt":"2018-10-29T14:38:52","guid":{"rendered":"http:\/\/www.sozialstation-tabea.de\/badkohlgrub\/?page_id=2"},"modified":"2020-03-08T23:05:55","modified_gmt":"2020-03-08T22:05:55","slug":"beispiel-seite","status":"publish","type":"page","link":"http:\/\/www.sozialstation-tabea.de\/badkohlgrub\/","title":{"rendered":"F\u00dcR EIN LEBEN"},"content":{"rendered":"<div id='icegram_shortcode_0'  data-messages=\"41\"  class='ig_shortcode_container' ><\/div>\n<h1>Sozialstation<\/h1>\n<h2 style=\"text-align: left;\"><strong>&#8211; TABEA &#8211;<\/strong><\/h2>\n<h3>SENIORENHILFSWERK gGmbH<\/h3>\n<p>Wer Unterst\u00fctzung ben\u00f6tigt, braucht auf Lebensqualit\u00e4t nicht zu verzichten.<\/p>\n<p>Die Sozialstation TABEA gGmbH hilft sowohl pflegenden Angeh\u00f6rigen als auch auf Pflege und Unterst\u00fctzung angewiesenen Menschen.<\/p>\n<p>Von der Kranken und Pflegebetreuung bis zur Hilfe im Haushalt und den t\u00e4glichen Verrichtungen \u00fcbernimmt das Team von TABEA alles in enger Absprache mit Ihnen, den Haus\u00e4rzten und den Kranken- und Pflegekassen.<\/p>\n<p>&nbsp;<\/p>\n<p>&nbsp;<\/p>\n","protected":false},"excerpt":{"rendered":"<p>Sozialstation &#8211; TABEA &#8211; SENIORENHILFSWERK gGmbH Wer Unterst\u00fctzung ben\u00f6tigt, braucht auf Lebensqualit\u00e4t nicht zu verzichten. Die Sozialstation TABEA gGmbH hilft sowohl pflegenden Angeh\u00f6rigen als auch auf Pflege und Unterst\u00fctzung angewiesenen Menschen. Von der Kranken und Pflegebetreuung bis zur Hilfe im Haushalt und den t\u00e4glichen Verrichtungen \u00fcbernimmt das Team von TABEA alles in enger Absprache mit &hellip; <\/p>\n<p class=\"link-more\"><a href=\"http:\/\/www.sozialstation-tabea.de\/badkohlgrub\/\" class=\"more-link\"><span class=\"screen-reader-text\">&#8222;F\u00dcR EIN LEBEN&#8220;<\/span> weiterlesen<\/a><\/p>\n","protected":false},"author":1,"featured_media":0,"parent":0,"menu_order":0,"comment_status":"closed","ping_status":"open","template":"","meta":[],"_links":{"self":[{"href":"http:\/\/www.sozialstation-tabea.de\/badkohlgrub\/wp-json\/wp\/v2\/pages\/2"}],"collection":[{"href":"http:\/\/www.sozialstation-tabea.de\/badkohlgrub\/wp-json\/wp\/v2\/pages"}],"about":[{"href":"http:\/\/www.sozialstation-tabea.de\/badkohlgrub\/wp-json\/wp\/v2\/types\/page"}],"author":[{"embeddable":true,"href":"http:\/\/www.sozialstation-tabea.de\/badkohlgrub\/wp-json\/wp\/v2\/users\/1"}],"replies":[{"embeddable":true,"href":"http:\/\/www.sozialstation-tabea.de\/badkohlgrub\/wp-json\/wp\/v2\/comments?post=2"}],"version-history":[{"count":2,"href":"http:\/\/www.sozialstation-tabea.de\/badkohlgrub\/wp-json\/wp\/v2\/pages\/2\/revisions"}],"predecessor-version":[{"id":45,"href":"http:\/\/www.sozialstation-tabea.de\/badkohlgrub\/wp-json\/wp\/v2\/pages\/2\/revisions\/45"}],"wp:attachment":[{"href":"http:\/\/www.sozialstation-tabea.de\/badkohlgrub\/wp-json\/wp\/v2\/media?parent=2"}],"curies":[{"name":"wp","href":"https:\/\/api.w.org\/{rel}","templated":true}]}}